{"id":10832,"date":"2026-03-30T08:17:53","date_gmt":"2026-03-30T08:17:53","guid":{"rendered":"https:\/\/laspalmascruiseport.com\/puerto\/grants\/"},"modified":"2026-03-31T08:14:39","modified_gmt":"2026-03-31T08:14:39","slug":"grants","status":"publish","type":"page","link":"https:\/\/laspalmascruiseport.com\/es\/puerto\/grants\/","title":{"rendered":"Subvenciones"},"content":{"rendered":"\r\n<style>\r\n.page-content-wrapper{\r\n\t\tz-index: 2;\t\r\n\t}\r\n<\/style>\r\n\r\n<section class=\"section page page-sustainability footer-space-pd page-bg-light  desktop-footer-space-pd hse-menu\">\r\n\t<style>\r\n                .page-header-bg {\r\n                    background-image: url(https:\/\/laspalmascruiseport.com\/wp-content\/uploads\/sites\/66\/2026\/03\/x-5.png);\r\n                    background-size: cover;\r\n                    background-position: center;\r\n                }\r\n\t\t\t\t.hero-content{\r\n\t\t\t\t    top: 50%;\r\n    \t\t\t\tposition: absolute;\r\n    \t\t\t\ttransform: translateY(-50%);\r\n\t\t\t\t}\r\n              <\/style><div class=\"page-header-bg pr\">\t<div class=\"container w100\">\r\n\t\t<div class=\"row flex hero-content\">\r\n\t\t\t<div class=\"cl-12 page-header\">\r\n\t\t\t\t<h5 style=\"text-transform:uppercase;\">Subvenciones<\/h5>\r\n\t\t\t\t<h1>Subvenciones<\/h1>\r\n\t\t\t<\/div>\r\n\t\t<\/div>\r\n\t<\/div>\r\n\t<\/div>\r\n\t<div class=\"page-content-wrapper pr\">\r\n\t\t<div class=\"container\">\r\n\t\t\t<div class=\"row flex align-i-center justify-c-center\">\r\n\t\t\t\t<div class=\"cl-10\">\r\n\t\t\t\t\t<div class=\"page-bg-white\">\r\n\t\t\t\t\t\t<div class=\"row flex page-sub-menu\">\r\n\t\t\t\t\t\t\t<div class=\"cl-12\">\r\n\t\t\t\t\t\t\t\t<ul class=\"flex align-i-center justify-c-center\">\r\n\t\t\t\t\t\t\t\t\t\t\t\t\t\t\t\t\t\t\t<li id=\"tabButton1\"\r\n\t\t\t\t\t\t\t\t\t\t\tclass=\"tab-button current-menu-item\">\r\n\t\t\t\t\t\t\t\t\t\t\t<span\r\n\t\t\t\t\t\t\t\t\t\t\t\tonclick=\"showTab('tab1', 'tabButton1')\">Subvenciones<\/span>\r\n\t\t\t\t\t\t\t\t\t\t<\/li>\r\n\t\t\t\t\t\t\t\t\t\t\t\t\t\t\t\t\t<\/ul>\r\n\t\t\t\t\t\t\t<\/div>\r\n\t\t\t\t\t\t<\/div>\r\n\t\t\t\t\t\t<div class=\"row flex\">\r\n\t\t\t\t\t\t\t<div class=\"cl-12\">\r\n\t\t\t\t\t\t\t\t\t\t\t\t\t\t\t\t\t<div id=\"tab1\"\r\n\t\t\t\t\t\t\t\t\t\tclass=\"tab-2-content active-tab\">\r\n\t\t\t\t\t\t\t\t\t\t<p><strong>TERMINAL DE PASAJEROS DE CRUCEROS DEL PUERTO DE LAS PALMAS. INSTALACI\u00d3N FOTOVOLTAICA, financiada por los Fondos NextGenerationEU.<\/strong><\/p>\n<p>Convocatoria de ayudas de la Consejer\u00eda de Transici\u00f3n Ecol\u00f3gica y Energ\u00eda del Gobierno de Canarias, para el fomento de la generaci\u00f3n el\u00e9ctrica renovable, el autoconsumo y la descarbonizaci\u00f3n del archipi\u00e9lago canario, en el marco de la Estrategia Sostenible en las Islas Canarias, con cargo al Plan de Recuperaci\u00f3n, Transformaci\u00f3n y Resiliencia (Componente 7, Inversi\u00f3n 2).<\/p>\n<p>Nuestro proyecto se enmarca en la convocatoria para el fomento de generaci\u00f3n el\u00e9ctrica renovable, el autoconsumo y la descarbonizaci\u00f3n del archipi\u00e9lago canario (Programa 2 y 3).<\/p>\n<p>Las actuaciones realizadas consistieron en la instalaci\u00f3n de un sistema fotovoltaico conectado a red en la Terminal de Pasajeros de Cruceros del Puerto de Las Palmas, destinado a generar energ\u00eda el\u00e9ctrica renovable para el autoconsumo del edificio.<\/p>\n<p>La instalaci\u00f3n cuenta con una potencia total de 240 kWp, formada por 2.000 m\u00f3dulos fotovoltaicos de 120 Wp ubicados en la cubierta y conectados a 10 inversores trif\u00e1sicos de 20 kW.<\/p>\n<p>La energ\u00eda generada se transforma en corriente alterna y se integra en la red el\u00e9ctrica del edificio, permitiendo una producci\u00f3n estimada de 317.735 kWh anuales y contribuyendo a reducir el consumo energ\u00e9tico convencional y las emisiones de CO\u2082<\/p>\n<p>El importe de la ayuda concedida asciende a un total de 209.616,10 \u20ac, con una inversi\u00f3n total de 318.639,09 \u20ac<\/p>\n<p>El objetivo fundamental de las ayudas es fomentar la descarbonizaci\u00f3n del sistema el\u00e9ctrico canario, de tal forma que se racionalice el gasto p\u00fablico, aprovechando la naturaleza ejemplarizante de esta medida. Asimismo, esta transformaci\u00f3n constituir\u00eda un efecto incentivador en el resto de sectores.<\/p>\n<p>A continuaci\u00f3n, se muestran algunas fotograf\u00edas de la obra finalizada:<\/p>\n\t\t\t\t\t\t\t\t\t\t\t\t\t\t\t\t\t\t\t\t\t<div class=\"tab-documents\">\r\n\t\t\t\t\t\t\t\t\t\t\t\t\t\t\t\t\t\t\t\t\t\t\t\t\t\t\t\t\t\t\t\t\t\t\t\t\t\t\t<div class=\"tab-document-item flex\">\r\n\t\t\t\t\t\t\t\t\t\t\t\t\t\t\t<div class=\"doc-icon\">\r\n\t\t\t\t\t\t\t\t\t\t\t\t\t\t\t\t<img decoding=\"async\" src=\"https:\/\/laspalmascruiseport.com\/wp-content\/uploads\/sites\/66\/2024\/02\/pdf-icon.svg\" alt=\"Document\" \/>\r\n\t\t\t\t\t\t\t\t\t\t\t\t\t\t\t<\/div>\r\n\t\t\t\t\t\t\t\t\t\t\t\t\t\t\t<div class=\"doc-title\">\r\n\t\t\t\t\t\t\t\t\t\t\t\t\t\t\t\tLas im\u00e1genes\t\t\t\t\t\t\t\t\t\t\t\t\t\t\t<\/div>\r\n\t\t\t\t\t\t\t\t\t\t\t\t\t\t\t<div class=\"doc-get\">\r\n\t\t\t\t\t\t\t\t\t\t\t\t\t\t\t\t<a href=\"https:\/\/laspalmascruiseport.com\/wp-content\/uploads\/sites\/66\/2026\/03\/images_.zip\" target=\"_blank\"\r\n\t\t\t\t\t\t\t\t\t\t\t\t\t\t\t\t\tclass=\"primary-color\">\r\n\t\t\t\t\t\t\t\t\t\t\t\t\t\t\t\t\tDESCARGAR\t\t\t\t\t\t\t\t\t\t\t\t\t\t\t\t\t<svg xmlns=\"http:\/\/www.w3.org\/2000\/svg\" width=\"18.142\"\r\n\t\t\t\t\t\t\t\t\t\t\t\t\t\t\t\t\t\theight=\"18.142\" viewBox=\"0 0 18.142 18.142\"\r\n\t\t\t\t\t\t\t\t\t\t\t\t\t\t\t\t\t\tclass=\"primary-stroke\">\r\n\t\t\t\t\t\t\t\t\t\t\t\t\t\t\t\t\t\t<g id=\"Icon_feather-arrow-up-right\"\r\n\t\t\t\t\t\t\t\t\t\t\t\t\t\t\t\t\t\t\tdata-name=\"Icon feather-arrow-up-right\"\r\n\t\t\t\t\t\t\t\t\t\t\t\t\t\t\t\t\t\t\ttransform=\"translate(30.991 9.071) rotate(135)\">\r\n\t\t\t\t\t\t\t\t\t\t\t\t\t\t\t\t\t\t\t<path id=\"Path_3\" data-name=\"Path 3\" d=\"M10.5,20.5l10-10\"\r\n\t\t\t\t\t\t\t\t\t\t\t\t\t\t\t\t\t\t\t\tfill=\"none\" stroke-linecap=\"round\"\r\n\t\t\t\t\t\t\t\t\t\t\t\t\t\t\t\t\t\t\t\tstroke-linejoin=\"round\" stroke-width=\"2\" \/>\r\n\t\t\t\t\t\t\t\t\t\t\t\t\t\t\t\t\t\t\t<path id=\"Path_4\" data-name=\"Path 4\" d=\"M10.5,10.5h10v10\"\r\n\t\t\t\t\t\t\t\t\t\t\t\t\t\t\t\t\t\t\t\tfill=\"none\" stroke-linecap=\"round\"\r\n\t\t\t\t\t\t\t\t\t\t\t\t\t\t\t\t\t\t\t\tstroke-linejoin=\"round\" stroke-width=\"2\" \/>\r\n\t\t\t\t\t\t\t\t\t\t\t\t\t\t\t\t\t\t<\/g>\r\n\t\t\t\t\t\t\t\t\t\t\t\t\t\t\t\t\t<\/svg>\r\n\t\t\t\t\t\t\t\t\t\t\t\t\t\t\t\t<\/a>\r\n\t\t\t\t\t\t\t\t\t\t\t\t\t\t\t<\/div>\r\n\t\t\t\t\t\t\t\t\t\t\t\t\t\t<\/div>\r\n\t\t\t\t\t\t\t\t\t\t\t\t\t\t\t\t\t\t\t\t\t\t\t\t\t\t\t\t\t\t\t\t\t\t\t\t<\/div>\r\n\t\t\t\t\t\t\t\t\t\t\r\n\t\t\t\t\t\t\t\t\t<\/div>\r\n\t\t\t\t\t\t\t\t\t\t\t\t\t\t\t<\/div>\r\n\t\t\t\t\t\t<\/div>\r\n\t\t\t\t\t<\/div>\r\n\t\t\t\t<\/div>\r\n\t\t\t<\/div>\r\n\t\t<\/div>\r\n\t<\/div>\r\n<\/section>\n\n\r\n<section class=\"section-go-back hide-mobile footer-space-pd\">\r\n\t<div class=\"container\">\r\n\t\t<div class=\"row flex align-i-end justify-c-center\">\r\n\t\t\t<div class=\"cl-12\">\r\n\t\t\t\t<a href=\"https:\/\/laspalmascruiseport.com\/es\/puerto\/\">\r\n\t\t\t\t\t<svg xmlns=\"http:\/\/www.w3.org\/2000\/svg\" width=\"18.142\" height=\"18.142\" viewBox=\"0 0 18.142 18.142\"><g id=\"Icon_Go-Back-arrow-up-right\" data-name=\"Icon feather-arrow-up-right\" transform=\"translate(9.071 30.991) rotate(-135)\"><path id=\"Path_3\" data-name=\"Path 3\" d=\"M10.5,20.5l10-10\" fill=\"none\" stroke=\"#000\" stroke-linecap=\"round\" stroke-linejoin=\"round\" stroke-width=\"2\"\/><path id=\"Path_4\" data-name=\"Path 4\" d=\"M10.5,10.5h10v10\" fill=\"none\" stroke=\"#000\" stroke-linecap=\"round\" stroke-linejoin=\"round\" stroke-width=\"2\"\/><\/g><\/svg>\r\n\t\t\t\t\tGO BACK\t\t\t\t<\/a>\r\n\t\t\t<\/div>\r\n\t\t<\/div>\r\n\t<\/div>\r\n<\/section>","protected":false},"excerpt":{"rendered":"","protected":false},"author":6,"featured_media":0,"parent":7825,"menu_order":55,"comment_status":"closed","ping_status":"closed","template":"","meta":{"_acf_changed":false,"footnotes":""},"class_list":["post-10832","page","type-page","status-publish","hentry"],"acf":[],"_links":{"self":[{"href":"https:\/\/laspalmascruiseport.com\/es\/wp-json\/wp\/v2\/pages\/10832","targetHints":{"allow":["GET"]}}],"collection":[{"href":"https:\/\/laspalmascruiseport.com\/es\/wp-json\/wp\/v2\/pages"}],"about":[{"href":"https:\/\/laspalmascruiseport.com\/es\/wp-json\/wp\/v2\/types\/page"}],"author":[{"embeddable":true,"href":"https:\/\/laspalmascruiseport.com\/es\/wp-json\/wp\/v2\/users\/6"}],"replies":[{"embeddable":true,"href":"https:\/\/laspalmascruiseport.com\/es\/wp-json\/wp\/v2\/comments?post=10832"}],"version-history":[{"count":10,"href":"https:\/\/laspalmascruiseport.com\/es\/wp-json\/wp\/v2\/pages\/10832\/revisions"}],"predecessor-version":[{"id":10876,"href":"https:\/\/laspalmascruiseport.com\/es\/wp-json\/wp\/v2\/pages\/10832\/revisions\/10876"}],"up":[{"embeddable":true,"href":"https:\/\/laspalmascruiseport.com\/es\/wp-json\/wp\/v2\/pages\/7825"}],"wp:attachment":[{"href":"https:\/\/laspalmascruiseport.com\/es\/wp-json\/wp\/v2\/media?parent=10832"}],"curies":[{"name":"wp","href":"https:\/\/api.w.org\/{rel}","templated":true}]}}