{"id":8132,"date":"2024-02-25T22:28:14","date_gmt":"2024-02-25T22:28:14","guid":{"rendered":"https:\/\/laspalmas.globalcruiseports.com\/acerca-de\/career\/"},"modified":"2026-03-06T10:58:31","modified_gmt":"2026-03-06T10:58:31","slug":"carrera-profesional","status":"publish","type":"page","link":"https:\/\/laspalmascruiseport.com\/es\/acerca-de\/carrera-profesional\/","title":{"rendered":"Carrera profesional"},"content":{"rendered":"\r\n\r\n\r\n<section class=\"section page page-bg-light  \">\r\n\t<style>\r\n                .page-header-bg {\r\n                    background-image: url(https:\/\/laspalmascruiseport.com\/wp-content\/uploads\/sites\/66\/2025\/04\/Group-165031.png);\r\n                    background-size: cover;\r\n                    background-position: center;\r\n                }\r\n\t\t\t\t.hero-content{\r\n\t\t\t\t    top: 50%;\r\n    \t\t\t\tposition: absolute;\r\n    \t\t\t\ttransform: translateY(-50%);\r\n\t\t\t\t}\r\n              <\/style><div class=\"page-header-bg pr\">\t<div class=\"container w100\">\r\n\t\t<div class=\"row flex hero-content\">\r\n\t\t\t<div class=\"cl-12 page-header\">\r\n\t\t\t\t\t\t\t\t<h5><a href=\"https:\/\/laspalmascruiseport.com\/es\/\/about\/\" class=\"color-white\">SOBRE NOSOTROS<\/a> > Carrera profesional<\/h5>\r\n\t\t\t\t<h1>Carrera profesional<\/h1>\r\n\t\t\t<\/div>\r\n\t\t<\/div>\r\n\t<\/div>\r\n\t<\/div>\r\n<\/section>\n\n<section class=\"section section-content-title page-bg-light\" id=\"page-bg-light\">\r\n\t<div class=\"container\">\r\n\t\t<div class=\"row flex align-i-center\">\r\n\t\t\t<div class=\"cl-5\">\r\n\t\t\t\t\t\t\t\t<h2>\r\n\t\t\t\t\tPensando en \t\t\t\t\t<br>\r\n\t\t\t\t\t<span class=\"primary-color\">el ma\u00f1ana<\/span>\r\n\t\t\t\t<\/h2>\r\n\t\t\t<\/div>\r\n\t\t\t<div class=\"cl-7\">\r\n\t\t\t\t<p class=\"grey-color\"><p>\u00bfQuieres marcar la diferencia en la industria de cruceros? Descubre carreras gratificantes con nosotros y forma parte de nuestro equipo din\u00e1mico y en crecimiento en el Puerto de Cruceros de Las Palmas.<\/p>\n<\/p>\r\n\t\t\t<\/div>\r\n\t\t<\/div>\r\n\t<\/div>\r\n<\/section>\r\n\n\n<section class=\"section section-content-image page-bg-light\" id=\"page-bg-light\">\r\n\t<div class=\"container\">\r\n\t\t<div class=\"row flex align-i-center  flex-row-reverse \">\r\n\t\t\t<div class=\"cl-6\">\r\n\t\t\t\t<img decoding=\"async\" src=\"https:\/\/laspalmascruiseport.com\/wp-content\/uploads\/sites\/66\/2025\/05\/image-20.png\" class=\"w100\" alt=\"\" \/>\r\n\t\t\t<\/div>\r\n\t\t\t<div class=\"cl-1\">\r\n\t\t\t\t\r\n\t\t\t<\/div>\r\n\t\t\t<div class=\"cl-5\">\r\n\t\t\t\t<h3>Un mar de oportunidades<\/h3>\r\n\t\t\t\t<p>\u00bfBuscas una carrera diferente? \u00a1\u00danete a nuestro equipo!<\/p>\n<p>Desde puestos de atenci\u00f3n al cliente hasta roles administrativos, cada miembro del equipo desempe\u00f1a un papel clave en el \u00e9xito de nuestro negocio.<\/p>\n<p>Si deseas conocer m\u00e1s sobre las oportunidades disponibles en el Puerto de Cruceros de Las Palmas y en el sector de gesti\u00f3n portuaria de cruceros, revisa nuestras vacantes abiertas y env\u00eda tu curr\u00edculum a <strong><a class=\"primary-color\" href=\"mailto:info@laspalmascruiseport.com\">info@laspalmascruiseport.com<\/a><\/strong><\/p>\n\t\t\t\t\t\t\t<\/div>\r\n\t\t<\/div>\r\n\t<\/div>\r\n<\/section>\r\n\n\n<section class=\"section section-content-image page-bg-light\" id=\"page-bg-light\">\r\n\t<div class=\"container\">\r\n\t\t<div class=\"row flex align-i-center \">\r\n\t\t\t<div class=\"cl-6\">\r\n\t\t\t\t<img decoding=\"async\" src=\"https:\/\/laspalmascruiseport.com\/wp-content\/uploads\/sites\/66\/2025\/05\/kariyer.jpg\" class=\"w100\" alt=\"\" \/>\r\n\t\t\t<\/div>\r\n\t\t\t<div class=\"cl-1\">\r\n\t\t\t\t\r\n\t\t\t<\/div>\r\n\t\t\t<div class=\"cl-5\">\r\n\t\t\t\t<h3>Nuestra cultura<\/h3>\r\n\t\t\t\t<p>Ser parte del equipo de LPCP significa unirse a una comunidad de personas apasionadas que se enorgullecen de brindar un servicio excelente y crear experiencias memorables para nuestros pasajeros.<\/p>\n<p>Creemos en el respeto, la colaboraci\u00f3n constante y en celebrar nuestros \u00e9xitos colectivos. \u00a1Una victoria para cualquier miembro del equipo es una victoria para todos! Estamos orientados a resultados, trabajando cada d\u00eda para lograr el \u00e9xito en beneficio de nuestros pasajeros, colegas, socios, inversores y otros interesados, avanzando hacia nuestros objetivos comunes.<\/p>\n\t\t\t\t\t\t\t<\/div>\r\n\t\t<\/div>\r\n\t<\/div>\r\n<\/section>\r\n\n\n<section class=\"section section-content-image page-bg-light last\" id=\"page-bg-light last\">\r\n\t<div class=\"container\">\r\n\t\t<div class=\"row flex align-i-center  flex-row-reverse \">\r\n\t\t\t<div class=\"cl-6\">\r\n\t\t\t\t<img decoding=\"async\" src=\"https:\/\/laspalmascruiseport.com\/wp-content\/uploads\/sites\/66\/2025\/05\/Expertise.jpg\" class=\"w100\" alt=\"\" \/>\r\n\t\t\t<\/div>\r\n\t\t\t<div class=\"cl-1\">\r\n\t\t\t\t\r\n\t\t\t<\/div>\r\n\t\t\t<div class=\"cl-5\">\r\n\t\t\t\t<h3>Experiencia global, impacto local<\/h3>\r\n\t\t\t\t<p class=\"p1\">Como parte de la familia Global Ports Holding, el Puerto de Cruceros de Las Palmas adopta un enfoque \"glocal\". Con m\u00e1s de 900 empleados de m\u00e1s de 20 pa\u00edses en el equipo de GPH, combinamos alcance global con experiencia local para brindar servicios excepcionales y conexiones significativas.<br \/>\n\u00danete a nosotros en un entorno din\u00e1mico donde tus contribuciones marcan la diferencia a nivel global y local.<\/p>\n\t\t\t\t\t\t\t<\/div>\r\n\t\t<\/div>\r\n\t<\/div>\r\n<\/section>\r\n\n\n","protected":false},"excerpt":{"rendered":"","protected":false},"author":1,"featured_media":0,"parent":7564,"menu_order":7,"comment_status":"closed","ping_status":"closed","template":"","meta":{"_acf_changed":false,"footnotes":""},"class_list":["post-8132","page","type-page","status-publish","hentry"],"acf":[],"_links":{"self":[{"href":"https:\/\/laspalmascruiseport.com\/es\/wp-json\/wp\/v2\/pages\/8132","targetHints":{"allow":["GET"]}}],"collection":[{"href":"https:\/\/laspalmascruiseport.com\/es\/wp-json\/wp\/v2\/pages"}],"about":[{"href":"https:\/\/laspalmascruiseport.com\/es\/wp-json\/wp\/v2\/types\/page"}],"author":[{"embeddable":true,"href":"https:\/\/laspalmascruiseport.com\/es\/wp-json\/wp\/v2\/users\/1"}],"replies":[{"embeddable":true,"href":"https:\/\/laspalmascruiseport.com\/es\/wp-json\/wp\/v2\/comments?post=8132"}],"version-history":[{"count":4,"href":"https:\/\/laspalmascruiseport.com\/es\/wp-json\/wp\/v2\/pages\/8132\/revisions"}],"predecessor-version":[{"id":10489,"href":"https:\/\/laspalmascruiseport.com\/es\/wp-json\/wp\/v2\/pages\/8132\/revisions\/10489"}],"up":[{"embeddable":true,"href":"https:\/\/laspalmascruiseport.com\/es\/wp-json\/wp\/v2\/pages\/7564"}],"wp:attachment":[{"href":"https:\/\/laspalmascruiseport.com\/es\/wp-json\/wp\/v2\/media?parent=8132"}],"curies":[{"name":"wp","href":"https:\/\/api.w.org\/{rel}","templated":true}]}}