{"id":8157,"date":"2024-03-10T15:14:41","date_gmt":"2024-03-10T15:14:41","guid":{"rendered":"https:\/\/laspalmas.globalcruiseports.com\/parking\/"},"modified":"2026-03-06T11:05:12","modified_gmt":"2026-03-06T11:05:12","slug":"aparcamiento","status":"publish","type":"page","link":"https:\/\/laspalmascruiseport.com\/es\/aparcamiento\/","title":{"rendered":"Aparcamiento"},"content":{"rendered":"\r\n<section class=\"section page page-bg-light  \">\r\n\t<style>\r\n                .page-header-bg {\r\n                    background-image: url(https:\/\/laspalmascruiseport.com\/wp-content\/uploads\/sites\/66\/2025\/05\/DJI_0351-1-scaled.jpg);\r\n                    background-size: cover;\r\n                    background-position: center;\r\n                }\r\n\t\t\t\t.hero-content{\r\n\t\t\t\t    top: 50%;\r\n    \t\t\t\tposition: absolute;\r\n    \t\t\t\ttransform: translateY(-50%);\r\n\t\t\t\t}\r\n              <\/style><div class=\"page-header-bg pr\">\t<div class=\"container w100\">\r\n\t\t<div class=\"row flex hero-content\">\r\n\t\t\t<div class=\"cl-12 page-header\">\r\n\t\t\t\t<h5>Aparcamiento<\/h5>\r\n\t\t\t\t<h1>Aparcamiento<\/h1>\r\n\t\t\t<\/div>\r\n\t\t<\/div>\r\n\t<\/div>\r\n\t<\/div>\r\n<\/section>\r\n\r\n<section class=\"section mb-4\">\r\n\t<div class=\"schedule-container\">\r\n\t\t<div class=\"container\">\r\n\t\t\t<div class=\"row flex align-i-center justify-c-center\">\r\n\t\t\t\t<div class=\"cl-12\">\r\n\t\t\t\t\t<div class=\"\">\r\n\t\t\t\t\t\t<div class=\"row flex page-sub-menu\">\r\n\t\t\t\t\t\t\t<div class=\"cl-12\">\r\n\t\t\t\t\t\t\t\t<nav class=\"menu-class\"><ul id=\"menu-transportation-parking-spanish\" class=\"menu flex align-i-center justify-c-center\"><li id=\"menu-item-8235\" class=\"menu-item menu-item-type-post_type menu-item-object-page menu-item-8235\"><a href=\"https:\/\/laspalmascruiseport.com\/es\/transporte\/\">Transporte<\/a><\/li>\n<li id=\"menu-item-8236\" class=\"menu-item menu-item-type-post_type menu-item-object-page menu-item-8236\"><a href=\"https:\/\/laspalmascruiseport.com\/es\/aparcamiento\/\">Aparcamiento<\/a><\/li>\n<\/ul><\/nav>\t\t\t\t\t\t\t<\/div>\r\n\t\t\t\t\t\t<\/div>\r\n\t\t\t\t\t\t<div class=\"row flex align-i-center\">\r\n\t\t\t\t\t\t\t<div class=\"cl-5\">\r\n\t\t\t\t\t\t\t\t<h2>\r\n\t\t\t\t\t\t\t\t\tPlanifique con anticipaci\u00f3n\t\t\t\t\t\t\t\t\t<br>\r\n\t\t\t\t\t\t\t\t\t<span class=\"primary-color\">Reserva tu parking<\/span>\r\n\t\t\t\t\t\t\t\t<\/h2>\r\n\t\t\t\t\t\t\t<\/div>\r\n\t\t\t\t\t\t\t<div class=\"cl-7\">\r\n\t\t\t\t\t\t\t\t<p class=\"grey-color\">\u00a1Llegar a Las Palmas y salir de la ciudad es muy f\u00e1cil! Ya sea en coche, transporte p\u00fablico u otro medio, encontrar\u00e1s opciones de viaje c\u00f3modas y abundante aparcamiento para garantizar un trayecto sin complicaciones.<\/p>\r\n\t\t\t\t\t\t\t<\/div>\r\n\t\t\t\t\t\t<\/div>\r\n\t\t\t\t\t\t<div class=\"row flex parking-booking-wrapper align-i-center\">\r\n\t\t\t\t\t\t\t<div class=\"cl-4\">\r\n\t\t\t\t\t\t\t\t<h3>Su informaci\u00f3n de estacionamiento<\/h3>\r\n\t\t\t\t\t\t\t\t<p><p>Aunque el aparcamiento dentro de la zona de la terminal de cruceros es limitado, hay varias opciones de aparcamiento convenientes para los visitantes en las inmediaciones. Los autobuses de excursiones en tierra y los operadores tur\u00edsticos suelen recoger a los pasajeros directamente en la terminal de cruceros, lo que facilita el transporte y lo hace m\u00e1s accesible.<br \/>\n&nbsp;<br \/>\n<strong>Opciones de aparcamiento en las inmediaciones:<\/strong><br \/>\n<strong>\u00a0<\/strong><br \/>\n<strong>Aparcamiento Puerto de Santa Catalina<\/strong><br \/>\nMuelle de Sta. Catalina, s\/n, 35008 Las Palmas de Gran Canaria, Las Palmas, Espa\u00f1a.<br \/>\n&nbsp;<br \/>\n<strong>Aparcamiento del Puerto (UTE API-ANRO)<\/strong><br \/>\nAv. de Los Consignatarios 35008, Las Palmas.<br \/>\n&nbsp;<br \/>\n<strong>Aparcamiento Portoluz<\/strong><br \/>\nC. Albareda 9, otra opci\u00f3n cercana para los visitantes de cruceros que se dirigen al puerto..<\/p>\n<\/p>\r\n\t\t\t\t\t\t\t\t\r\n\t\t\t\t\t\t\t<\/div>\r\n\t\t\t\t\t\t\t<div class=\"cl-7 offset-1\">\r\n\t\t\t\t\t\t\t\t<img decoding=\"async\" src=\"https:\/\/laspalmascruiseport.com\/wp-content\/uploads\/sites\/66\/2025\/03\/parking-scaled.jpg\" class=\"w100\" alt=\"\" \/>\r\n\t\t\t\t\t\t\t<\/div>\r\n\t\t\t\t\t\t<\/div>\r\n\t\t\t\t\t<\/div>\r\n\t\t\t\t<\/div>\r\n\t\t\t<\/div>\r\n\t\t<\/div>\r\n\t<\/div>\r\n<\/section>\r\n\r\n\r\n\n\n\r\n<style>\r\n\t.section-social-responsibilities .page-header-bg {\r\n\t\tbackground-image: url('https:\/\/laspalmascruiseport.com\/wp-content\/uploads\/sites\/66\/2024\/04\/parking-prices-bg.jpg');\r\n\t}\r\n<\/style>\r\n\r\n\n\n\n\n","protected":false},"excerpt":{"rendered":"","protected":false},"author":1,"featured_media":0,"parent":0,"menu_order":29,"comment_status":"closed","ping_status":"closed","template":"","meta":{"_acf_changed":false,"footnotes":""},"class_list":["post-8157","page","type-page","status-publish","hentry"],"acf":[],"_links":{"self":[{"href":"https:\/\/laspalmascruiseport.com\/es\/wp-json\/wp\/v2\/pages\/8157","targetHints":{"allow":["GET"]}}],"collection":[{"href":"https:\/\/laspalmascruiseport.com\/es\/wp-json\/wp\/v2\/pages"}],"about":[{"href":"https:\/\/laspalmascruiseport.com\/es\/wp-json\/wp\/v2\/types\/page"}],"author":[{"embeddable":true,"href":"https:\/\/laspalmascruiseport.com\/es\/wp-json\/wp\/v2\/users\/1"}],"replies":[{"embeddable":true,"href":"https:\/\/laspalmascruiseport.com\/es\/wp-json\/wp\/v2\/comments?post=8157"}],"version-history":[{"count":8,"href":"https:\/\/laspalmascruiseport.com\/es\/wp-json\/wp\/v2\/pages\/8157\/revisions"}],"predecessor-version":[{"id":10508,"href":"https:\/\/laspalmascruiseport.com\/es\/wp-json\/wp\/v2\/pages\/8157\/revisions\/10508"}],"wp:attachment":[{"href":"https:\/\/laspalmascruiseport.com\/es\/wp-json\/wp\/v2\/media?parent=8157"}],"curies":[{"name":"wp","href":"https:\/\/api.w.org\/{rel}","templated":true}]}}